{"id":329,"date":"2024-05-17T15:59:03","date_gmt":"2024-05-17T13:59:03","guid":{"rendered":"https:\/\/demosites.royal-elementor-addons.com\/car-rent-v1\/?post_type=product&#038;p=329"},"modified":"2026-02-19T13:33:03","modified_gmt":"2026-02-19T12:33:03","slug":"bmw-i3","status":"publish","type":"product","link":"https:\/\/sattrans.org\/?product=bmw-i3","title":{"rendered":"Hyundai Tucson limited"},"content":{"rendered":"<p data-start=\"151\" data-end=\"415\">D\u00e9couvrez La <strong data-start=\"154\" data-end=\"172\">Hyundai Tucson<\/strong>\u00a0 un <strong data-start=\"180\" data-end=\"195\">SUV compact<\/strong> (voiture plus haute et plus spacieuse qu\u2019une berline classique) fabriqu\u00e9 par Hyundai. Elle est connue pour son <strong data-start=\"307\" data-end=\"376\">design moderne, son confort int\u00e9rieur, et sa technologie actuelle. Style<\/strong><strong data-start=\"451\" data-end=\"481\">\u00a0moderne et attrayant<\/strong> avec un int\u00e9rieur bien fini. Bonne <strong data-start=\"726\" data-end=\"762\">habitabilit\u00e9 pour cinq personnes<\/strong> et un coffre spacieux et bien beaucoup d&rsquo;autres merveilles \u00e0 d\u00e9couvrir &#8230;&#8230;&#8230;&#8230;&#8230;&#8230;&#8230;&#8230;&#8230;<\/p>\n","protected":false},"excerpt":{"rendered":"<p>D\u00e9couvrez La Hyundai Tucson\u00a0 un SUV compact (voiture plus haute et plus spacieuse qu\u2019une berline classique) fabriqu\u00e9 par Hyundai. Elle est connue pour son design moderne, son confort int\u00e9rieur, et sa technologie actuelle. Style\u00a0moderne et attrayant avec un int\u00e9rieur bien fini. Bonne habitabilit\u00e9 pour cinq personnes et un coffre spacieux et bien beaucoup d&rsquo;autres merveilles \u00e0 d\u00e9couvrir &#8230;&#8230;&#8230;&#8230;&#8230;&#8230;&#8230;&#8230;&#8230;<\/p>\n","protected":false},"featured_media":1587,"comment_status":"open","ping_status":"closed","template":"","meta":[],"product_brand":[],"product_cat":[58],"product_tag":[44],"model":[],"class_list":{"0":"post-329","1":"product","2":"type-product","3":"status-publish","4":"has-post-thumbnail","6":"product_cat-sport","7":"product_tag-bmw","9":"first","10":"instock","11":"sale","12":"shipping-taxable","13":"purchasable","14":"product-type-simple"},"acf":[],"_links":{"self":[{"href":"https:\/\/sattrans.org\/index.php?rest_route=\/wp\/v2\/product\/329","targetHints":{"allow":["GET"]}}],"collection":[{"href":"https:\/\/sattrans.org\/index.php?rest_route=\/wp\/v2\/product"}],"about":[{"href":"https:\/\/sattrans.org\/index.php?rest_route=\/wp\/v2\/types\/product"}],"replies":[{"embeddable":true,"href":"https:\/\/sattrans.org\/index.php?rest_route=%2Fwp%2Fv2%2Fcomments&post=329"}],"wp:featuredmedia":[{"embeddable":true,"href":"https:\/\/sattrans.org\/index.php?rest_route=\/wp\/v2\/media\/1587"}],"wp:attachment":[{"href":"https:\/\/sattrans.org\/index.php?rest_route=%2Fwp%2Fv2%2Fmedia&parent=329"}],"wp:term":[{"taxonomy":"product_brand","embeddable":true,"href":"https:\/\/sattrans.org\/index.php?rest_route=%2Fwp%2Fv2%2Fproduct_brand&post=329"},{"taxonomy":"product_cat","embeddable":true,"href":"https:\/\/sattrans.org\/index.php?rest_route=%2Fwp%2Fv2%2Fproduct_cat&post=329"},{"taxonomy":"product_tag","embeddable":true,"href":"https:\/\/sattrans.org\/index.php?rest_route=%2Fwp%2Fv2%2Fproduct_tag&post=329"},{"taxonomy":"model","embeddable":true,"href":"https:\/\/sattrans.org\/index.php?rest_route=%2Fwp%2Fv2%2Fmodel&post=329"}],"curies":[{"name":"wp","href":"https:\/\/api.w.org\/{rel}","templated":true}]}}