{"id":315,"date":"2024-05-17T15:58:08","date_gmt":"2024-05-17T13:58:08","guid":{"rendered":"https:\/\/demosites.royal-elementor-addons.com\/car-rent-v1\/?post_type=product&#038;p=315"},"modified":"2026-02-16T13:52:20","modified_gmt":"2026-02-16T12:52:20","slug":"jeep-cherokee","status":"publish","type":"product","link":"https:\/\/sattrans.org\/?product=jeep-cherokee","title":{"rendered":"TOYOTA HIGHLANDER"},"content":{"rendered":"<p data-start=\"187\" data-end=\"443\">La <strong data-start=\"190\" data-end=\"211\">Toyota Highlander<\/strong> est un <strong data-start=\"219\" data-end=\"274\">SUV interm\u00e9diaire 5 portes avec 3 rang\u00e9es de si\u00e8ges<\/strong> (jusqu\u2019\u00e0 7 personnes). C\u2019est un mod\u00e8le produit par <strong data-start=\"326\" data-end=\"348\">Toyota depuis 2000<\/strong>, connu pour sa fiabilit\u00e9, son confort et sa polyvalence.<\/p>\n","protected":false},"excerpt":{"rendered":"<p>La Toyota Highlander est un SUV interm\u00e9diaire 5 portes avec 3 rang\u00e9es de si\u00e8ges (jusqu\u2019\u00e0 7 personnes). C\u2019est un mod\u00e8le produit par Toyota depuis 2000, connu pour sa fiabilit\u00e9, son confort et sa polyvalence.<\/p>\n","protected":false},"featured_media":1619,"comment_status":"open","ping_status":"closed","template":"","meta":[],"product_brand":[],"product_cat":[50],"product_tag":[49],"model":[],"class_list":{"0":"post-315","1":"product","2":"type-product","3":"status-publish","4":"has-post-thumbnail","6":"product_cat-luxary","7":"product_tag-jeep","9":"first","10":"instock","11":"shipping-taxable","12":"purchasable","13":"product-type-simple"},"acf":[],"_links":{"self":[{"href":"https:\/\/sattrans.org\/index.php?rest_route=\/wp\/v2\/product\/315","targetHints":{"allow":["GET"]}}],"collection":[{"href":"https:\/\/sattrans.org\/index.php?rest_route=\/wp\/v2\/product"}],"about":[{"href":"https:\/\/sattrans.org\/index.php?rest_route=\/wp\/v2\/types\/product"}],"replies":[{"embeddable":true,"href":"https:\/\/sattrans.org\/index.php?rest_route=%2Fwp%2Fv2%2Fcomments&post=315"}],"wp:featuredmedia":[{"embeddable":true,"href":"https:\/\/sattrans.org\/index.php?rest_route=\/wp\/v2\/media\/1619"}],"wp:attachment":[{"href":"https:\/\/sattrans.org\/index.php?rest_route=%2Fwp%2Fv2%2Fmedia&parent=315"}],"wp:term":[{"taxonomy":"product_brand","embeddable":true,"href":"https:\/\/sattrans.org\/index.php?rest_route=%2Fwp%2Fv2%2Fproduct_brand&post=315"},{"taxonomy":"product_cat","embeddable":true,"href":"https:\/\/sattrans.org\/index.php?rest_route=%2Fwp%2Fv2%2Fproduct_cat&post=315"},{"taxonomy":"product_tag","embeddable":true,"href":"https:\/\/sattrans.org\/index.php?rest_route=%2Fwp%2Fv2%2Fproduct_tag&post=315"},{"taxonomy":"model","embeddable":true,"href":"https:\/\/sattrans.org\/index.php?rest_route=%2Fwp%2Fv2%2Fmodel&post=315"}],"curies":[{"name":"wp","href":"https:\/\/api.w.org\/{rel}","templated":true}]}}