{"id":314,"date":"2024-05-17T15:58:02","date_gmt":"2024-05-17T13:58:02","guid":{"rendered":"https:\/\/demosites.royal-elementor-addons.com\/car-rent-v1\/?post_type=product&#038;p=314"},"modified":"2026-02-16T17:03:51","modified_gmt":"2026-02-16T16:03:51","slug":"mclaren-570s","status":"publish","type":"product","link":"https:\/\/sattrans.org\/?product=mclaren-570s","title":{"rendered":"TOYOTA HIGHLANDER"},"content":{"rendered":"<p>\u00ab La Highlander 2015 est un SUV spacieux, parfait pour les familles ou pour les trajets quotidiens. Elle offre jusqu\u2019\u00e0 <strong data-start=\"419\" data-end=\"436\">7 ou 8 places<\/strong> selon la configuration, ce qui la rend tr\u00e8s pratique si vous avez des enfants ou des passagers r\u00e9guliers. \u00bb<\/p>\n<p><em data-start=\"589\" data-end=\"819\">\u00ab Elle est \u00e9quip\u00e9e d\u2019un moteur robuste, avec une version <strong data-start=\"647\" data-end=\"663\">V6 puissante<\/strong> qui assure une conduite fluide m\u00eame sur autoroute ou en charge compl\u00e8te. Il existe aussi une <strong data-start=\"757\" data-end=\"776\">version hybride<\/strong> qui optimise la consommation d\u2019\u00e9nergie. \u00bb<\/em><\/p>\n<p><em data-start=\"1145\" data-end=\"1337\">\u00ab L\u2019habitacle est bien con\u00e7u avec des mat\u00e9riaux confortables, une position de conduite agr\u00e9able et suffisamment d\u2019espace pour les bagages, ce qui am\u00e9liore le confort lors de longs trajets. \u00bb\u00a0\u00a0<\/em><\/p>\n<p>Nous vous r\u00e9servons beaucoup d&rsquo;autres surprises concernant la HIGHLANDER 2015<\/p>\n","protected":false},"excerpt":{"rendered":"<p>\u00ab La Highlander 2015 est un SUV spacieux, parfait pour les familles ou pour les trajets quotidiens. Elle offre jusqu\u2019\u00e0 7 ou 8 places selon la configuration, ce qui la rend tr\u00e8s pratique si vous avez des enfants ou des passagers r\u00e9guliers. \u00bb \u00ab Elle est \u00e9quip\u00e9e d\u2019un moteur robuste, avec une version V6 puissante qui assure une conduite fluide m\u00eame sur autoroute ou en charge compl\u00e8te. Il existe aussi une version hybride qui optimise la consommation d\u2019\u00e9nergie. \u00bb \u00ab L\u2019habitacle est bien con\u00e7u avec des mat\u00e9riaux confortables, une position de conduite agr\u00e9able et suffisamment d\u2019espace pour les bagages, ce qui am\u00e9liore le confort lors de longs trajets. \u00bb\u00a0\u00a0 Nous vous r\u00e9servons beaucoup d&rsquo;autres surprises concernant la HIGHLANDER 2015<\/p>\n","protected":false},"featured_media":1632,"comment_status":"open","ping_status":"closed","template":"","meta":[],"product_brand":[],"product_cat":[50],"product_tag":[51],"model":[],"class_list":{"0":"post-314","1":"product","2":"type-product","3":"status-publish","4":"has-post-thumbnail","6":"product_cat-luxary","7":"product_tag-mclaren","9":"first","10":"instock","11":"shipping-taxable","12":"purchasable","13":"product-type-simple"},"acf":[],"_links":{"self":[{"href":"https:\/\/sattrans.org\/index.php?rest_route=\/wp\/v2\/product\/314","targetHints":{"allow":["GET"]}}],"collection":[{"href":"https:\/\/sattrans.org\/index.php?rest_route=\/wp\/v2\/product"}],"about":[{"href":"https:\/\/sattrans.org\/index.php?rest_route=\/wp\/v2\/types\/product"}],"replies":[{"embeddable":true,"href":"https:\/\/sattrans.org\/index.php?rest_route=%2Fwp%2Fv2%2Fcomments&post=314"}],"wp:featuredmedia":[{"embeddable":true,"href":"https:\/\/sattrans.org\/index.php?rest_route=\/wp\/v2\/media\/1632"}],"wp:attachment":[{"href":"https:\/\/sattrans.org\/index.php?rest_route=%2Fwp%2Fv2%2Fmedia&parent=314"}],"wp:term":[{"taxonomy":"product_brand","embeddable":true,"href":"https:\/\/sattrans.org\/index.php?rest_route=%2Fwp%2Fv2%2Fproduct_brand&post=314"},{"taxonomy":"product_cat","embeddable":true,"href":"https:\/\/sattrans.org\/index.php?rest_route=%2Fwp%2Fv2%2Fproduct_cat&post=314"},{"taxonomy":"product_tag","embeddable":true,"href":"https:\/\/sattrans.org\/index.php?rest_route=%2Fwp%2Fv2%2Fproduct_tag&post=314"},{"taxonomy":"model","embeddable":true,"href":"https:\/\/sattrans.org\/index.php?rest_route=%2Fwp%2Fv2%2Fmodel&post=314"}],"curies":[{"name":"wp","href":"https:\/\/api.w.org\/{rel}","templated":true}]}}