{"id":313,"date":"2024-05-17T15:57:52","date_gmt":"2024-05-17T13:57:52","guid":{"rendered":"https:\/\/demosites.royal-elementor-addons.com\/car-rent-v1\/?post_type=product&#038;p=313"},"modified":"2026-02-16T17:14:19","modified_gmt":"2026-02-16T16:14:19","slug":"mercedes-benz-glc","status":"publish","type":"product","link":"https:\/\/sattrans.org\/?product=mercedes-benz-glc","title":{"rendered":"MERCEDES"},"content":{"rendered":"<h3 data-start=\"213\" data-end=\"258\"><strong data-start=\"220\" data-end=\"258\"> Un moteur puissant et dynamique<\/strong><\/h3>\n<p data-start=\"259\" data-end=\"488\">???? <em data-start=\"262\" data-end=\"450\">\u00ab La C450 AMG est \u00e9quip\u00e9e d\u2019un <strong data-start=\"294\" data-end=\"321\">moteur V6 biturbo 3,0 L<\/strong>, d\u00e9veloppant environ <strong data-start=\"343\" data-end=\"373\">362 ch et 520 Nm de couple<\/strong>, ce qui procure une <strong data-start=\"394\" data-end=\"420\">acc\u00e9l\u00e9ration tr\u00e8s vive<\/strong> et une conduite dynamique.<\/em><\/p>\n<ul data-start=\"490\" data-end=\"824\">\n<li data-start=\"490\" data-end=\"635\">\n<p data-start=\"492\" data-end=\"635\">Gr\u00e2ce \u00e0 ses <strong data-start=\"504\" data-end=\"530\">deux turbocompresseurs<\/strong>, elle offre une <strong data-start=\"547\" data-end=\"572\">force impressionnante<\/strong> \u00e0 bas et moyen r\u00e9gime.<\/p>\n<\/li>\n<li data-start=\"636\" data-end=\"824\">\n<p data-start=\"638\" data-end=\"824\">Elle passe de <strong data-start=\"652\" data-end=\"692\">0 \u00e0 100 km\/h en environ 4,9 secondes<\/strong> avec une vitesse maximale limit\u00e9e \u00e0 <strong data-start=\"729\" data-end=\"741\">250 km\/h<\/strong>, ce qui en fait une vraie sportive \u00e9l\u00e9gante.<\/p>\n<\/li>\n<li data-start=\"636\" data-end=\"824\">\n<blockquote data-start=\"3037\" data-end=\"3404\">\n<p data-start=\"3039\" data-end=\"3404\"><em data-start=\"3039\" data-end=\"3404\"> La Mercedes C450 AMG est une berline sportive haut de gamme qui allie <strong data-start=\"3112\" data-end=\"3162\">puissance, tenue de route, confort et \u00e9l\u00e9gance<\/strong>. Elle vous offre une conduite dynamique, une traction fiable avec la transmission int\u00e9grale 4MATIC et un \u00e9quipement int\u00e9rieur tr\u00e8s complet \u2014 id\u00e9ale pour quelqu\u2019un qui veut une voiture \u00e0 la fois <strong data-start=\"3357\" data-end=\"3400\">performante et confortable au quotidien<\/strong>. \u00bb<\/em><\/p>\n<\/blockquote>\n<\/li>\n<\/ul>\n","protected":false},"excerpt":{"rendered":"<p>Un moteur puissant et dynamique ???? \u00ab La C450 AMG est \u00e9quip\u00e9e d\u2019un moteur V6 biturbo 3,0 L, d\u00e9veloppant environ 362 ch et 520 Nm de couple, ce qui procure une acc\u00e9l\u00e9ration tr\u00e8s vive et une conduite dynamique. Gr\u00e2ce \u00e0 ses deux turbocompresseurs, elle offre une force impressionnante \u00e0 bas et moyen r\u00e9gime. Elle passe de 0 \u00e0 100 km\/h en environ 4,9 secondes avec une vitesse maximale limit\u00e9e \u00e0 250 km\/h, ce qui en fait une vraie sportive \u00e9l\u00e9gante. La Mercedes C450 AMG est une berline sportive haut de gamme qui allie puissance, tenue de route, confort et \u00e9l\u00e9gance. Elle vous offre une conduite dynamique, une traction fiable avec la transmission int\u00e9grale 4MATIC et un \u00e9quipement int\u00e9rieur tr\u00e8s complet \u2014 id\u00e9ale pour quelqu\u2019un qui veut une voiture \u00e0 la fois performante et confortable au quotidien. \u00bb<\/p>\n","protected":false},"featured_media":1634,"comment_status":"open","ping_status":"closed","template":"","meta":[],"product_brand":[],"product_cat":[50],"product_tag":[52],"model":[],"class_list":{"0":"post-313","1":"product","2":"type-product","3":"status-publish","4":"has-post-thumbnail","6":"product_cat-luxary","7":"product_tag-mercedes","9":"first","10":"instock","11":"shipping-taxable","12":"purchasable","13":"product-type-simple"},"acf":[],"_links":{"self":[{"href":"https:\/\/sattrans.org\/index.php?rest_route=\/wp\/v2\/product\/313","targetHints":{"allow":["GET"]}}],"collection":[{"href":"https:\/\/sattrans.org\/index.php?rest_route=\/wp\/v2\/product"}],"about":[{"href":"https:\/\/sattrans.org\/index.php?rest_route=\/wp\/v2\/types\/product"}],"replies":[{"embeddable":true,"href":"https:\/\/sattrans.org\/index.php?rest_route=%2Fwp%2Fv2%2Fcomments&post=313"}],"wp:featuredmedia":[{"embeddable":true,"href":"https:\/\/sattrans.org\/index.php?rest_route=\/wp\/v2\/media\/1634"}],"wp:attachment":[{"href":"https:\/\/sattrans.org\/index.php?rest_route=%2Fwp%2Fv2%2Fmedia&parent=313"}],"wp:term":[{"taxonomy":"product_brand","embeddable":true,"href":"https:\/\/sattrans.org\/index.php?rest_route=%2Fwp%2Fv2%2Fproduct_brand&post=313"},{"taxonomy":"product_cat","embeddable":true,"href":"https:\/\/sattrans.org\/index.php?rest_route=%2Fwp%2Fv2%2Fproduct_cat&post=313"},{"taxonomy":"product_tag","embeddable":true,"href":"https:\/\/sattrans.org\/index.php?rest_route=%2Fwp%2Fv2%2Fproduct_tag&post=313"},{"taxonomy":"model","embeddable":true,"href":"https:\/\/sattrans.org\/index.php?rest_route=%2Fwp%2Fv2%2Fmodel&post=313"}],"curies":[{"name":"wp","href":"https:\/\/api.w.org\/{rel}","templated":true}]}}