{"id":311,"date":"2024-05-17T15:57:20","date_gmt":"2024-05-17T13:57:20","guid":{"rendered":"https:\/\/demosites.royal-elementor-addons.com\/car-rent-v1\/?post_type=product&#038;p=311"},"modified":"2026-02-19T13:37:59","modified_gmt":"2026-02-19T12:37:59","slug":"mercedes-benz-amg-gt","status":"publish","type":"product","link":"https:\/\/sattrans.org\/?product=mercedes-benz-amg-gt","title":{"rendered":"TOYOTA 4RUNNER"},"content":{"rendered":"<p data-start=\"200\" data-end=\"491\">La <strong data-start=\"203\" data-end=\"226\">Toyota 4Runner 2010<\/strong> fait partie de la <strong data-start=\"245\" data-end=\"262\">5\u1d49 g\u00e9n\u00e9ration<\/strong> de ce VUS populaire. Elle est connue pour son <strong data-start=\"309\" data-end=\"360\">architecture robuste avec carrosserie sur cadre<\/strong>, ce qui la rend solide pour le tout-terrain et pour les charges lourdes comme les remorques.<\/p>\n<p data-start=\"200\" data-end=\"491\">La conduite est souvent d\u00e9crite comme typique d\u2019un VUS robuste : meilleure hors-route qu\u2019en conduite sportive sur autoroute. Sur route, certains trouvent la suspension un peu ferme ou moins raffin\u00e9e que des SUV plus petits.<\/p>\n<p data-start=\"2034\" data-end=\"2083\">Selon la finition, le 4Runner 2010 peut inclure :<\/p>\n<ul data-start=\"2084\" data-end=\"2522\">\n<li data-start=\"2084\" data-end=\"2176\">\n<p data-start=\"2086\" data-end=\"2176\">Syst\u00e8me audio avec <em data-start=\"2105\" data-end=\"2119\">mode \u201cParty\u201d<\/em> et auxiliaire.<\/p>\n<\/li>\n<li data-start=\"2177\" data-end=\"2273\">\n<p data-start=\"2179\" data-end=\"2273\">Climatisation, si\u00e8ges r\u00e9glables, glaces \u00e9lectriques.<\/p>\n<\/li>\n<li data-start=\"2274\" data-end=\"2383\">\n<p data-start=\"2276\" data-end=\"2383\">Jusqu\u2019\u00e0 <strong data-start=\"2284\" data-end=\"2296\">7 places<\/strong> sur certaines versions avec banquette arri\u00e8re.<\/p>\n<\/li>\n<li data-start=\"2384\" data-end=\"2522\">\n<p data-start=\"2386\" data-end=\"2522\">Sur versions <strong data-start=\"2399\" data-end=\"2410\">Limited<\/strong>, options plus haut de gamme comme navigation, si\u00e8ges plus confortables.<\/p>\n<\/li>\n<\/ul>\n<p data-start=\"2524\" data-end=\"2653\">L\u2019int\u00e9rieur est assez pratique et spacieux pour les voyages ou le transport d\u2019\u00e9quipement.<\/p>\n<p data-start=\"2524\" data-end=\"2653\">Nous vous r\u00e9servons plein d&rsquo;autres de c&rsquo;est surprise pour la suite!!!<\/p>\n","protected":false},"excerpt":{"rendered":"<p>La Toyota 4Runner 2010 fait partie de la 5\u1d49 g\u00e9n\u00e9ration de ce VUS populaire. Elle est connue pour son architecture robuste avec carrosserie sur cadre, ce qui la rend solide pour le tout-terrain et pour les charges lourdes comme les remorques. La conduite est souvent d\u00e9crite comme typique d\u2019un VUS robuste : meilleure hors-route qu\u2019en conduite sportive sur autoroute. Sur route, certains trouvent la suspension un peu ferme ou moins raffin\u00e9e que des SUV plus petits. Selon la finition, le 4Runner 2010 peut inclure : Syst\u00e8me audio avec mode \u201cParty\u201d et auxiliaire. Climatisation, si\u00e8ges r\u00e9glables, glaces \u00e9lectriques. Jusqu\u2019\u00e0 7 places sur certaines versions avec banquette arri\u00e8re. Sur versions Limited, options plus haut de gamme comme navigation, si\u00e8ges plus confortables. L\u2019int\u00e9rieur est assez pratique et spacieux pour les voyages ou le transport d\u2019\u00e9quipement. Nous vous r\u00e9servons plein d&rsquo;autres de c&rsquo;est surprise pour la suite!!!<\/p>\n","protected":false},"featured_media":1645,"comment_status":"open","ping_status":"closed","template":"","meta":[],"product_brand":[],"product_cat":[50],"product_tag":[52],"model":[],"class_list":{"0":"post-311","1":"product","2":"type-product","3":"status-publish","4":"has-post-thumbnail","6":"product_cat-luxary","7":"product_tag-mercedes","9":"first","10":"instock","11":"shipping-taxable","12":"purchasable","13":"product-type-simple"},"acf":[],"_links":{"self":[{"href":"https:\/\/sattrans.org\/index.php?rest_route=\/wp\/v2\/product\/311","targetHints":{"allow":["GET"]}}],"collection":[{"href":"https:\/\/sattrans.org\/index.php?rest_route=\/wp\/v2\/product"}],"about":[{"href":"https:\/\/sattrans.org\/index.php?rest_route=\/wp\/v2\/types\/product"}],"replies":[{"embeddable":true,"href":"https:\/\/sattrans.org\/index.php?rest_route=%2Fwp%2Fv2%2Fcomments&post=311"}],"wp:featuredmedia":[{"embeddable":true,"href":"https:\/\/sattrans.org\/index.php?rest_route=\/wp\/v2\/media\/1645"}],"wp:attachment":[{"href":"https:\/\/sattrans.org\/index.php?rest_route=%2Fwp%2Fv2%2Fmedia&parent=311"}],"wp:term":[{"taxonomy":"product_brand","embeddable":true,"href":"https:\/\/sattrans.org\/index.php?rest_route=%2Fwp%2Fv2%2Fproduct_brand&post=311"},{"taxonomy":"product_cat","embeddable":true,"href":"https:\/\/sattrans.org\/index.php?rest_route=%2Fwp%2Fv2%2Fproduct_cat&post=311"},{"taxonomy":"product_tag","embeddable":true,"href":"https:\/\/sattrans.org\/index.php?rest_route=%2Fwp%2Fv2%2Fproduct_tag&post=311"},{"taxonomy":"model","embeddable":true,"href":"https:\/\/sattrans.org\/index.php?rest_route=%2Fwp%2Fv2%2Fmodel&post=311"}],"curies":[{"name":"wp","href":"https:\/\/api.w.org\/{rel}","templated":true}]}}