{"id":310,"date":"2024-05-17T15:33:55","date_gmt":"2024-05-17T13:33:55","guid":{"rendered":"https:\/\/demosites.royal-elementor-addons.com\/car-rent-v1\/?post_type=product&#038;p=310"},"modified":"2026-02-19T09:36:51","modified_gmt":"2026-02-19T08:36:51","slug":"mclaren-765lt","status":"publish","type":"product","link":"https:\/\/sattrans.org\/?product=mclaren-765lt","title":{"rendered":"TOYOTA COROLLA"},"content":{"rendered":"<ul>\n<li data-start=\"2213\" data-end=\"2248\">\n<p data-start=\"2215\" data-end=\"2248\">Excellent classement fiabilit\u00e9.<\/p>\n<\/li>\n<li data-start=\"2249\" data-end=\"2291\">\n<p data-start=\"2251\" data-end=\"2291\">Faible consommation (surtout hybride).<\/p>\n<\/li>\n<li data-start=\"2292\" data-end=\"2378\">\n<p data-start=\"2294\" data-end=\"2378\">Conduite confortable et technologie moderne.La Corolla est connue pour durer longtemps sans gros probl\u00e8mes m\u00e9caniques \u2014 elle est souvent consid\u00e9r\u00e9e comme une des voitures les plus fiables dans sa cat\u00e9gorie.Surtout en version <strong data-start=\"402\" data-end=\"413\">hybride<\/strong>, elle utilise tr\u00e8s peu d\u2019essence, ce qui te permet d\u2019\u00e9conomiser <strong data-start=\"478\" data-end=\"510\">beaucoup d\u2019argent \u00e0 la pompe<\/strong>.Les si\u00e8ges sont confortables, la suspension filtre bien les routes, et il y a assez d\u2019espace pour 4\u20135 personnes correctement.<\/p>\n<\/li>\n<\/ul>\n","protected":false},"excerpt":{"rendered":"<p>Excellent classement fiabilit\u00e9. Faible consommation (surtout hybride). Conduite confortable et technologie moderne.La Corolla est connue pour durer longtemps sans gros probl\u00e8mes m\u00e9caniques \u2014 elle est souvent consid\u00e9r\u00e9e comme une des voitures les plus fiables dans sa cat\u00e9gorie.Surtout en version hybride, elle utilise tr\u00e8s peu d\u2019essence, ce qui te permet d\u2019\u00e9conomiser beaucoup d\u2019argent \u00e0 la pompe.Les si\u00e8ges sont confortables, la suspension filtre bien les routes, et il y a assez d\u2019espace pour 4\u20135 personnes correctement.<\/p>\n","protected":false},"featured_media":1656,"comment_status":"open","ping_status":"closed","template":"","meta":[],"product_brand":[],"product_cat":[50],"product_tag":[51],"model":[],"class_list":{"0":"post-310","1":"product","2":"type-product","3":"status-publish","4":"has-post-thumbnail","6":"product_cat-luxary","7":"product_tag-mclaren","9":"first","10":"instock","11":"shipping-taxable","12":"purchasable","13":"product-type-simple"},"acf":[],"_links":{"self":[{"href":"https:\/\/sattrans.org\/index.php?rest_route=\/wp\/v2\/product\/310","targetHints":{"allow":["GET"]}}],"collection":[{"href":"https:\/\/sattrans.org\/index.php?rest_route=\/wp\/v2\/product"}],"about":[{"href":"https:\/\/sattrans.org\/index.php?rest_route=\/wp\/v2\/types\/product"}],"replies":[{"embeddable":true,"href":"https:\/\/sattrans.org\/index.php?rest_route=%2Fwp%2Fv2%2Fcomments&post=310"}],"wp:featuredmedia":[{"embeddable":true,"href":"https:\/\/sattrans.org\/index.php?rest_route=\/wp\/v2\/media\/1656"}],"wp:attachment":[{"href":"https:\/\/sattrans.org\/index.php?rest_route=%2Fwp%2Fv2%2Fmedia&parent=310"}],"wp:term":[{"taxonomy":"product_brand","embeddable":true,"href":"https:\/\/sattrans.org\/index.php?rest_route=%2Fwp%2Fv2%2Fproduct_brand&post=310"},{"taxonomy":"product_cat","embeddable":true,"href":"https:\/\/sattrans.org\/index.php?rest_route=%2Fwp%2Fv2%2Fproduct_cat&post=310"},{"taxonomy":"product_tag","embeddable":true,"href":"https:\/\/sattrans.org\/index.php?rest_route=%2Fwp%2Fv2%2Fproduct_tag&post=310"},{"taxonomy":"model","embeddable":true,"href":"https:\/\/sattrans.org\/index.php?rest_route=%2Fwp%2Fv2%2Fmodel&post=310"}],"curies":[{"name":"wp","href":"https:\/\/api.w.org\/{rel}","templated":true}]}}