{"id":1417,"date":"2022-11-14T12:12:10","date_gmt":"2022-11-14T11:12:10","guid":{"rendered":"https:\/\/demosites.royal-elementor-addons.com\/car-rent-v1\/?post_type=product&#038;p=1417"},"modified":"2026-02-26T08:44:01","modified_gmt":"2026-02-26T07:44:01","slug":"mclaren-850s","status":"publish","type":"product","link":"https:\/\/sattrans.org\/?product=mclaren-850s","title":{"rendered":"KIA SORRENTO"},"content":{"rendered":"<p data-start=\"260\" data-end=\"595\">La <strong data-start=\"263\" data-end=\"283\">Kia Sorento 2014<\/strong> est un <strong data-start=\"291\" data-end=\"318\">SUV (voiture familiale)<\/strong> produit par le constructeur <strong data-start=\"347\" data-end=\"354\">Kia<\/strong>. En 2014, il s\u2019agissait d\u2019un mod\u00e8le <strong data-start=\"391\" data-end=\"428\">relativement moderne et renouvel\u00e9<\/strong> par rapport aux g\u00e9n\u00e9rations pr\u00e9c\u00e9dentes, avec une <strong data-start=\"479\" data-end=\"502\">nouvelle plateforme<\/strong>, un design plus contemporain et un int\u00e9rieur am\u00e9lior\u00e9.<\/p>\n<h3 data-start=\"717\" data-end=\"756\"><strong data-start=\"724\" data-end=\"756\">Moteur essence \/ 4 cylindres<\/strong><\/h3>\n<ul data-start=\"757\" data-end=\"938\">\n<li data-start=\"757\" data-end=\"804\">\n<p data-start=\"759\" data-end=\"804\"><strong data-start=\"759\" data-end=\"782\">2,4 L GDI (essence)<\/strong> \u2013 environ <strong data-start=\"793\" data-end=\"803\">191 ch<\/strong>,<\/p>\n<\/li>\n<li data-start=\"805\" data-end=\"843\">\n<p data-start=\"807\" data-end=\"843\">Transmission automatique 6 vitesses,<\/p>\n<\/li>\n<\/ul>\n","protected":false},"excerpt":{"rendered":"<p>La Kia Sorento 2014 est un SUV (voiture familiale) produit par le constructeur Kia. En 2014, il s\u2019agissait d\u2019un mod\u00e8le relativement moderne et renouvel\u00e9 par rapport aux g\u00e9n\u00e9rations pr\u00e9c\u00e9dentes, avec une nouvelle plateforme, un design plus contemporain et un int\u00e9rieur am\u00e9lior\u00e9. Moteur essence \/ 4 cylindres 2,4 L GDI (essence) \u2013 environ 191 ch, Transmission automatique 6 vitesses,<\/p>\n","protected":false},"featured_media":1715,"comment_status":"open","ping_status":"closed","template":"","meta":[],"product_brand":[],"product_cat":[50,56],"product_tag":[51],"model":[],"class_list":{"0":"post-1417","1":"product","2":"type-product","3":"status-publish","4":"has-post-thumbnail","6":"product_cat-luxary","7":"product_cat-sedan","8":"product_tag-mclaren","10":"first","11":"instock","12":"shipping-taxable","13":"purchasable","14":"product-type-simple"},"acf":[],"_links":{"self":[{"href":"https:\/\/sattrans.org\/index.php?rest_route=\/wp\/v2\/product\/1417","targetHints":{"allow":["GET"]}}],"collection":[{"href":"https:\/\/sattrans.org\/index.php?rest_route=\/wp\/v2\/product"}],"about":[{"href":"https:\/\/sattrans.org\/index.php?rest_route=\/wp\/v2\/types\/product"}],"replies":[{"embeddable":true,"href":"https:\/\/sattrans.org\/index.php?rest_route=%2Fwp%2Fv2%2Fcomments&post=1417"}],"wp:featuredmedia":[{"embeddable":true,"href":"https:\/\/sattrans.org\/index.php?rest_route=\/wp\/v2\/media\/1715"}],"wp:attachment":[{"href":"https:\/\/sattrans.org\/index.php?rest_route=%2Fwp%2Fv2%2Fmedia&parent=1417"}],"wp:term":[{"taxonomy":"product_brand","embeddable":true,"href":"https:\/\/sattrans.org\/index.php?rest_route=%2Fwp%2Fv2%2Fproduct_brand&post=1417"},{"taxonomy":"product_cat","embeddable":true,"href":"https:\/\/sattrans.org\/index.php?rest_route=%2Fwp%2Fv2%2Fproduct_cat&post=1417"},{"taxonomy":"product_tag","embeddable":true,"href":"https:\/\/sattrans.org\/index.php?rest_route=%2Fwp%2Fv2%2Fproduct_tag&post=1417"},{"taxonomy":"model","embeddable":true,"href":"https:\/\/sattrans.org\/index.php?rest_route=%2Fwp%2Fv2%2Fmodel&post=1417"}],"curies":[{"name":"wp","href":"https:\/\/api.w.org\/{rel}","templated":true}]}}